{"id":29,"date":"2025-03-09T16:00:45","date_gmt":"2025-03-09T15:00:45","guid":{"rendered":"https:\/\/amont.consulting\/?page_id=29"},"modified":"2025-03-10T09:09:53","modified_gmt":"2025-03-10T08:09:53","slug":"accueil","status":"publish","type":"page","link":"https:\/\/amont.consulting\/","title":{"rendered":"AMOnt, La ma\u00eetrise d&#8217;ouvrage autrement"},"content":{"rendered":"\n<p>AMOnt accompagne les ma\u00eetres d\u2019ouvrages et les porteurs de projets dans l\u2019am\u00e9nagement de leur territoire et dans l\u2019accomplissement de leurs projets.<\/p>\n\n\n\n<p>Fort de plus d\u2019une vingtaine d\u2019ann\u00e9es d\u2019exp\u00e9rience dans le monde de la construction et de l\u2019am\u00e9nagement du territoire, <strong>Nicolas Tulloue<\/strong> a, au cours de son cursus professionnel, eu l\u2019occasion de cerner au mieux les attentes et les besoins des porteurs de projet. A l\u2019origine de formation la fois technique, cr\u00e9ative et multi-facettes, il a apport\u00e9 des r\u00e9ponses et accompagn\u00e9 ses clients (collectivit\u00e9s, porteurs de projet, industriels) dans la concr\u00e9tisation de projets, initialement des id\u00e9es et volont\u00e9s politiques, et, au final, constructions r\u00e9elles, et p\u00e9rennes, r\u00e9pondant \u00e0 des attentes identifi\u00e9es, et \u00e0 un mod\u00e8le \u00e9conomique valid\u00e9. Les rencontres professionnelles cr\u00e9ant des liens et des compl\u00e9mentarit\u00e9s, la rencontre avec <strong>Benoit Joly<\/strong>, programmiste et expert en projets structurants, d\u00e8s 2010, marque la naissance d\u2019une collaboration \u00e9toff\u00e9e, sur un grand nombre de projets de territoires. Cette collaboration a fait na\u00eetre des projets et soci\u00e9t\u00e9s communes, dans le cadre desquelles le champ d\u2019expertise s\u2019est \u00e9largi. Au gr\u00e9 de cette collaboration, diff\u00e9rents partenariats r\u00e9currents on fait que <strong>Jean-Philippe Fouquey<\/strong>, puis <strong>Fabrice Renoir<\/strong> se sont greff\u00e9s \u00e0 la dynamique d\u2019ensemble, partag\u00e9e et commune. C\u2019est donc tr\u00e8s naturellement qu\u2019en 2025, nait AMOnt, symbole de cette collaboration forte et crois\u00e9e.<\/p>\n\n\n\n<p>Chez AMOnt, le processus de \u00ab transformation \u00bb de l\u2019id\u00e9e en projet se fait selon une m\u00e9thodologie d\u2019accompagnement construite au cours du temps, \u00e0 la fois fond\u00e9e sur :<\/p>\n\n\n\n<ul class=\"wp-block-list\">\n<li><strong>De l\u2019\u00e9coute<\/strong>, de mani\u00e8re \u00e0 identifier et comprendre au mieux le besoin,<\/li>\n\n\n\n<li><strong>De la cr\u00e9ativit\u00e9<\/strong>, permettant d\u2019identifier et de concevoir des concepts d\u2019am\u00e9nagements innovants et diff\u00e9renciants,<\/li>\n\n\n\n<li><strong>De l\u2019expertise<\/strong>, permettant de valider techniquement des concepts, bas\u00e9 sur un retour d\u2019exp\u00e9rience, des r\u00e9flexes syst\u00e9matiques d\u2019auto-formation et adoss\u00e9 \u00e0 un r\u00e9seau d\u2019experts,<\/li>\n\n\n\n<li><strong>De la m\u00e9thode<\/strong>, pour savoir planifier et orchestrer au mieux le processus de construction du projet,<\/li>\n\n\n\n<li><strong>De la p\u00e9dagogie<\/strong>, pour exprimer et se faire comprendre, de mani\u00e8re \u00e0 ce que nos clients s\u2019approprient au mieux les projets.<\/li>\n<\/ul>\n\n\n\n<p>Le positionnement du cabinet consiste \u00e0 accompagner les porteurs de projets dans l\u2019am\u00e9nagement de leur territoire, tant en mati\u00e8re de mobilit\u00e9, que d\u2019urbanisme, que d\u2019architecture, de tourisme et de paysage. Cela nous positionne en contributeurs de la construction d\u2019un monde de demain plus juste, plus beau et plus durable. Il s\u2019agit principalement d\u2019accompagner les maitres d\u2019ouvrages selon diff\u00e9rentes typologies d\u2019\u00e9tudes :<\/p>\n\n\n\n<ul class=\"wp-block-list\">\n<li>Am\u00e9nagement et Innovation des Territoires,<\/li>\n\n\n\n<li>Etudes de D\u00e9finition,<\/li>\n\n\n\n<li>Etudes de Faisabilit\u00e9,<\/li>\n\n\n\n<li>Etudes de Programmation,<\/li>\n\n\n\n<li>Missions d\u2019AMO (assistance \u00e0 ma\u00eetrise d\u2019ouvrage) G\u00e9n\u00e9rale et Technique,<\/li>\n\n\n\n<li>Programmation Urbaine, Paysage, Montagne,<\/li>\n\n\n\n<li>Emergence et D\u00e9veloppement de Destinations Touristiques&#8230;.<\/li>\n<\/ul>\n","protected":false},"excerpt":{"rendered":"<p>AMOnt accompagne les ma\u00eetres d\u2019ouvrages et les porteurs de projets dans l\u2019am\u00e9nagement de leur territoire et dans l\u2019accomplissement de leurs projets. Fort de plus d\u2019une vingtaine d\u2019ann\u00e9es d\u2019exp\u00e9rience dans le monde de la construction et de l\u2019am\u00e9nagement du territoire, Nicolas Tulloue a, au cours de son cursus professionnel, eu l\u2019occasion de cerner au mieux les &hellip; <\/p>\n<p class=\"link-more\"><a href=\"https:\/\/amont.consulting\/\" class=\"more-link\">Continue reading<span class=\"screen-reader-text\"> &#8220;AMOnt, La ma\u00eetrise d&#8217;ouvrage autrement&#8221;<\/span><\/a><\/p>\n","protected":false},"author":1,"featured_media":0,"parent":0,"menu_order":0,"comment_status":"closed","ping_status":"closed","template":"","meta":{"footnotes":""},"class_list":["post-29","page","type-page","status-publish","hentry"],"_links":{"self":[{"href":"https:\/\/amont.consulting\/index.php\/wp-json\/wp\/v2\/pages\/29","targetHints":{"allow":["GET"]}}],"collection":[{"href":"https:\/\/amont.consulting\/index.php\/wp-json\/wp\/v2\/pages"}],"about":[{"href":"https:\/\/amont.consulting\/index.php\/wp-json\/wp\/v2\/types\/page"}],"author":[{"embeddable":true,"href":"https:\/\/amont.consulting\/index.php\/wp-json\/wp\/v2\/users\/1"}],"replies":[{"embeddable":true,"href":"https:\/\/amont.consulting\/index.php\/wp-json\/wp\/v2\/comments?post=29"}],"version-history":[{"count":5,"href":"https:\/\/amont.consulting\/index.php\/wp-json\/wp\/v2\/pages\/29\/revisions"}],"predecessor-version":[{"id":84,"href":"https:\/\/amont.consulting\/index.php\/wp-json\/wp\/v2\/pages\/29\/revisions\/84"}],"wp:attachment":[{"href":"https:\/\/amont.consulting\/index.php\/wp-json\/wp\/v2\/media?parent=29"}],"curies":[{"name":"wp","href":"https:\/\/api.w.org\/{rel}","templated":true}]}}